{"id":15538,"date":"2022-07-15T11:57:07","date_gmt":"2022-07-15T09:57:07","guid":{"rendered":"https:\/\/www.easytax-international.com\/?page_id=15538"},"modified":"2024-11-19T10:08:22","modified_gmt":"2024-11-19T09:08:22","slug":"solutions","status":"publish","type":"page","link":"https:\/\/www.easytax-international.com\/fr\/solutions\/","title":{"rendered":"Solutions"},"content":{"rendered":"\t\t<div data-elementor-type=\"wp-page\" data-elementor-id=\"15538\" class=\"elementor elementor-15538\" data-elementor-post-type=\"page\">\n\t\t\t\t\t\t<section data-particle_enable=\"false\" data-particle-mobile-disabled=\"false\" class=\"elementor-section elementor-top-section elementor-element elementor-element-361d76f elementor-section-boxed elementor-section-height-default elementor-section-height-default\" data-id=\"361d76f\" data-element_type=\"section\">\n\t\t\t\t\t\t<div class=\"elementor-container elementor-column-gap-default\">\n\t\t\t\t\t<div class=\"elementor-column elementor-col-100 elementor-top-column elementor-element elementor-element-e9f3fb3\" data-id=\"e9f3fb3\" data-element_type=\"column\">\n\t\t\t<div class=\"elementor-widget-wrap elementor-element-populated\">\n\t\t\t\t\t\t<div class=\"elementor-element elementor-element-1ee0d50 elementor-widget elementor-widget-heading\" data-id=\"1ee0d50\" data-element_type=\"widget\" data-widget_type=\"heading.default\">\n\t\t\t\t<div class=\"elementor-widget-container\">\n\t\t\t<style>\/*! elementor - v3.23.0 - 23-07-2024 *\/\n.elementor-heading-title{padding:0;margin:0;line-height:1}.elementor-widget-heading .elementor-heading-title[class*=elementor-size-]>a{color:inherit;font-size:inherit;line-height:inherit}.elementor-widget-heading .elementor-heading-title.elementor-size-small{font-size:15px}.elementor-widget-heading .elementor-heading-title.elementor-size-medium{font-size:19px}.elementor-widget-heading .elementor-heading-title.elementor-size-large{font-size:29px}.elementor-widget-heading .elementor-heading-title.elementor-size-xl{font-size:39px}.elementor-widget-heading .elementor-heading-title.elementor-size-xxl{font-size:59px}<\/style><h1 class=\"elementor-heading-title elementor-size-default\">Nos solutions TVA pour yachts & navires<\/h1>\t\t<\/div>\n\t\t\t\t<\/div>\n\t\t\t\t\t<\/div>\n\t\t<\/div>\n\t\t\t\t\t<\/div>\n\t\t<\/section>\n\t\t\t\t<section data-particle_enable=\"false\" data-particle-mobile-disabled=\"false\" class=\"elementor-section elementor-top-section elementor-element elementor-element-b446f47 elementor-section-boxed elementor-section-height-default elementor-section-height-default\" data-id=\"b446f47\" data-element_type=\"section\">\n\t\t\t\t\t\t<div class=\"elementor-container elementor-column-gap-default\">\n\t\t\t\t\t<div class=\"elementor-column elementor-col-100 elementor-top-column elementor-element elementor-element-efc42fc\" data-id=\"efc42fc\" data-element_type=\"column\">\n\t\t\t<div class=\"elementor-widget-wrap elementor-element-populated\">\n\t\t\t\t\t\t<section data-particle_enable=\"false\" data-particle-mobile-disabled=\"false\" class=\"elementor-section elementor-inner-section elementor-element elementor-element-a0e8088 elementor-section-boxed elementor-section-height-default elementor-section-height-default\" data-id=\"a0e8088\" data-element_type=\"section\">\n\t\t\t\t\t\t<div class=\"elementor-container elementor-column-gap-default\">\n\t\t\t\t\t<div class=\"elementor-column elementor-col-100 elementor-inner-column elementor-element elementor-element-e3ab15d\" data-id=\"e3ab15d\" data-element_type=\"column\">\n\t\t\t<div class=\"elementor-widget-wrap elementor-element-populated\">\n\t\t\t\t\t\t<div class=\"elementor-element elementor-element-21ed1bb elementor-widget elementor-widget-text-editor\" data-id=\"21ed1bb\" data-element_type=\"widget\" data-widget_type=\"text-editor.default\">\n\t\t\t\t<div class=\"elementor-widget-container\">\n\t\t\t<style>\/*! elementor - v3.23.0 - 23-07-2024 *\/\n.elementor-widget-text-editor.elementor-drop-cap-view-stacked .elementor-drop-cap{background-color:#69727d;color:#fff}.elementor-widget-text-editor.elementor-drop-cap-view-framed .elementor-drop-cap{color:#69727d;border:3px solid;background-color:transparent}.elementor-widget-text-editor:not(.elementor-drop-cap-view-default) .elementor-drop-cap{margin-top:8px}.elementor-widget-text-editor:not(.elementor-drop-cap-view-default) .elementor-drop-cap-letter{width:1em;height:1em}.elementor-widget-text-editor .elementor-drop-cap{float:left;text-align:center;line-height:1;font-size:50px}.elementor-widget-text-editor .elementor-drop-cap-letter{display:inline-block}<\/style>\t\t\t\t<p style=\"text-align: center;\">Quelle que soit la situation du navire: <strong>navigation au commerce ou en plaisance, mise en location ou \u00e0 la vente, transport de passagers ou participation \u00e0 un boat show<\/strong>\u2026 Quel que soit le pays d\u2019o\u00f9 il provient, ou sa destination en M\u00e9diterran\u00e9e, nous sommes \u00e0 vos c\u00f4t\u00e9s \u2013 professionnels du yachting \u2013 avant, pendant et apr\u00e8s votre saison, dans tous les \u00e9tats membres de l\u2019Union europ\u00e9enne.<\/p>\t\t\t\t\t\t<\/div>\n\t\t\t\t<\/div>\n\t\t\t\t\t<\/div>\n\t\t<\/div>\n\t\t\t\t\t<\/div>\n\t\t<\/section>\n\t\t\t\t\t<\/div>\n\t\t<\/div>\n\t\t\t\t\t<\/div>\n\t\t<\/section>\n\t\t\t\t<section data-particle_enable=\"false\" data-particle-mobile-disabled=\"false\" class=\"elementor-section elementor-top-section elementor-element elementor-element-1fb97d7 elementor-section-height-default elementor-section-boxed elementor-section-height-default\" data-id=\"1fb97d7\" data-element_type=\"section\">\n\t\t\t\t\t\t<div class=\"elementor-container elementor-column-gap-default\">\n\t\t\t\t\t<div data-dce-background-hover-color=\"#F5F5F5\" class=\"elementor-column elementor-col-33 elementor-inner-column elementor-element elementor-element-55adc97c\" data-id=\"55adc97c\" data-element_type=\"column\">\n\t\t\t<div class=\"elementor-widget-wrap elementor-element-populated\">\n\t\t\t\t\t\t<div class=\"elementor-element elementor-element-25745541 elementor-widget elementor-widget-image\" data-id=\"25745541\" data-element_type=\"widget\" data-widget_type=\"image.default\">\n\t\t\t\t<div class=\"elementor-widget-container\">\n\t\t\t<style>\/*! elementor - v3.23.0 - 23-07-2024 *\/\n.elementor-widget-image{text-align:center}.elementor-widget-image a{display:inline-block}.elementor-widget-image a img[src$=\".svg\"]{width:48px}.elementor-widget-image img{vertical-align:middle;display:inline-block}<\/style>\t\t\t\t\t\t\t\t\t\t<img decoding=\"async\" width=\"150\" height=\"150\" src=\"https:\/\/www.easytax-international.com\/wp-content\/uploads\/representation-fiscale-1.svg\" class=\"attachment-thumbnail size-thumbnail wp-image-15421\" alt=\"\">\t\t\t\t\t\t\t\t\t\t\t\t\t<\/div>\n\t\t\t\t<\/div>\n\t\t\t\t<div class=\"elementor-element elementor-element-5f48fe61 solutions-box elementor-widget elementor-widget-heading\" data-id=\"5f48fe61\" data-element_type=\"widget\" data-widget_type=\"heading.default\">\n\t\t\t\t<div class=\"elementor-widget-container\">\n\t\t\t<h2 class=\"elementor-heading-title elementor-size-default\">Repr\u00e9sentation <br>fiscale yachting<\/h2>\t\t<\/div>\n\t\t\t\t<\/div>\n\t\t\t\t<div class=\"elementor-element elementor-element-3cdd968f texte elementor-widget elementor-widget-text-editor\" data-id=\"3cdd968f\" data-element_type=\"widget\" data-widget_type=\"text-editor.default\">\n\t\t\t\t<div class=\"elementor-widget-container\">\n\t\t\t\t\t\t\tRepr\u00e9sentation fiscale pour les compagnies propri\u00e9taires de yachts proposant des charters et des contrats de transport d\u00e9part de France, Monaco et d&#8217;autres Etats membres de l&#8217;UE.<br><\/br><br><\/br>\t\t\t\t\t\t<\/div>\n\t\t\t\t<\/div>\n\t\t\t\t<div class=\"elementor-element elementor-element-2cee6e62 elementor-absolute elementor-widget elementor-widget-image\" data-id=\"2cee6e62\" data-element_type=\"widget\" data-settings=\"{&quot;_position&quot;:&quot;absolute&quot;}\" data-widget_type=\"image.default\">\n\t\t\t\t<div class=\"elementor-widget-container\">\n\t\t\t\t\t\t\t\t\t\t\t\t\t\t<a href=\"https:\/\/www.easytax-international.com\/fr\/solutions\/representation-fiscale\/\">\n\t\t\t\t\t\t\t<img decoding=\"async\" width=\"39\" height=\"39\" src=\"https:\/\/www.easytax-international.com\/wp-content\/uploads\/Easytax_plus_icon.png\" class=\"attachment-medium size-medium wp-image-15423\" alt=\"\">\t\t\t\t\t\t\t\t<\/a>\n\t\t\t\t\t\t\t\t\t\t\t\t\t<\/div>\n\t\t\t\t<\/div>\n\t\t\t\t\t<\/div>\n\t\t<\/div>\n\t\t\t\t<div data-dce-background-hover-color=\"#F5F5F5\" class=\"elementor-column elementor-col-33 elementor-top-column elementor-element elementor-element-0c598ce\" data-id=\"0c598ce\" data-element_type=\"column\">\n\t\t\t<div class=\"elementor-widget-wrap elementor-element-populated\">\n\t\t\t\t\t\t<div class=\"elementor-element elementor-element-4d0dc8ae elementor-widget elementor-widget-image\" data-id=\"4d0dc8ae\" data-element_type=\"widget\" data-widget_type=\"image.default\">\n\t\t\t\t<div class=\"elementor-widget-container\">\n\t\t\t\t\t\t\t\t\t\t\t\t\t<img decoding=\"async\" width=\"150\" height=\"150\" src=\"https:\/\/www.easytax-international.com\/wp-content\/uploads\/douane-et-yachting-1.svg\" class=\"attachment-thumbnail size-thumbnail wp-image-15425\" alt=\"\">\t\t\t\t\t\t\t\t\t\t\t\t\t<\/div>\n\t\t\t\t<\/div>\n\t\t\t\t<div class=\"elementor-element elementor-element-1d23481b solutions-box elementor-widget elementor-widget-heading\" data-id=\"1d23481b\" data-element_type=\"widget\" data-widget_type=\"heading.default\">\n\t\t\t\t<div class=\"elementor-widget-container\">\n\t\t\t<h2 class=\"elementor-heading-title elementor-size-default\">Douane &amp; yachting<\/h2>\t\t<\/div>\n\t\t\t\t<\/div>\n\t\t\t\t<div class=\"elementor-element elementor-element-59d13ce1 texte elementor-widget elementor-widget-text-editor\" data-id=\"59d13ce1\" data-element_type=\"widget\" data-widget_type=\"text-editor.default\">\n\t\t\t\t<div class=\"elementor-widget-container\">\n\t\t\t\t\t\t\t<p>Formalit\u00e9s import\/export de yachts, admissions temporaires pour r\u00e9parations, salons, commercialisation ou utilisation priv\u00e9e.<\/p>\t\t\t\t\t\t<\/div>\n\t\t\t\t<\/div>\n\t\t\t\t<div class=\"elementor-element elementor-element-4d03a86e elementor-absolute elementor-widget elementor-widget-image\" data-id=\"4d03a86e\" data-element_type=\"widget\" data-settings=\"{&quot;_position&quot;:&quot;absolute&quot;}\" data-widget_type=\"image.default\">\n\t\t\t\t<div class=\"elementor-widget-container\">\n\t\t\t\t\t\t\t\t\t\t\t\t\t\t<a href=\"https:\/\/www.easytax-international.com\/fr\/solutions\/douane-yachting\/\">\n\t\t\t\t\t\t\t<img loading=\"lazy\" decoding=\"async\" width=\"39\" height=\"39\" src=\"https:\/\/www.easytax-international.com\/wp-content\/uploads\/Easytax_plus_icon-1.png\" class=\"attachment-medium size-medium wp-image-15447\" alt=\"\">\t\t\t\t\t\t\t\t<\/a>\n\t\t\t\t\t\t\t\t\t\t\t\t\t<\/div>\n\t\t\t\t<\/div>\n\t\t\t\t\t<\/div>\n\t\t<\/div>\n\t\t\t\t<div data-dce-background-hover-color=\"#F5F5F5\" class=\"elementor-column elementor-col-33 elementor-top-column elementor-element elementor-element-28b10c0\" data-id=\"28b10c0\" data-element_type=\"column\">\n\t\t\t<div class=\"elementor-widget-wrap elementor-element-populated\">\n\t\t\t\t\t\t<div class=\"elementor-element elementor-element-a97022a elementor-widget elementor-widget-image\" data-id=\"a97022a\" data-element_type=\"widget\" data-widget_type=\"image.default\">\n\t\t\t\t<div class=\"elementor-widget-container\">\n\t\t\t\t\t\t\t\t\t\t\t\t\t<img decoding=\"async\" src=\"https:\/\/www.easytax-international.com\/wp-content\/uploads\/elementor\/thumbs\/yacht-app-qqa0mqaztjvd61v42nxf7so7wn0yiqek17mrz8l8zg.png\" title=\"yacht-app\" alt=\"suivi yachting\" loading=\"lazy\" \/>\t\t\t\t\t\t\t\t\t\t\t\t\t<\/div>\n\t\t\t\t<\/div>\n\t\t\t\t<div class=\"elementor-element elementor-element-540eb9a solutions-box elementor-widget elementor-widget-heading\" data-id=\"540eb9a\" data-element_type=\"widget\" data-widget_type=\"heading.default\">\n\t\t\t\t<div class=\"elementor-widget-container\">\n\t\t\t<h2 class=\"elementor-heading-title elementor-size-default\">EASYTAX YACHT TRACKING<\/h2>\t\t<\/div>\n\t\t\t\t<\/div>\n\t\t\t\t<div class=\"elementor-element elementor-element-144c89d texte elementor-widget elementor-widget-text-editor\" data-id=\"144c89d\" data-element_type=\"widget\" data-widget_type=\"text-editor.default\">\n\t\t\t\t<div class=\"elementor-widget-container\">\n\t\t\t\t\t\t\tNotre application simplifie la collaboration entre capitaines et gestionnaires de yachts pour une conformit\u00e9 TVA sans faille.\t\t\t\t\t\t<\/div>\n\t\t\t\t<\/div>\n\t\t\t\t<div class=\"elementor-element elementor-element-9038ada elementor-absolute elementor-widget elementor-widget-image\" data-id=\"9038ada\" data-element_type=\"widget\" data-settings=\"{&quot;_position&quot;:&quot;absolute&quot;}\" data-widget_type=\"image.default\">\n\t\t\t\t<div class=\"elementor-widget-container\">\n\t\t\t\t\t\t\t\t\t\t\t\t\t\t<a href=\"https:\/\/www.easytax-international.com\/fr\/solutions\/easytax-yacht-tracking\/\">\n\t\t\t\t\t\t\t<img loading=\"lazy\" decoding=\"async\" width=\"39\" height=\"39\" src=\"https:\/\/www.easytax-international.com\/wp-content\/uploads\/Easytax_plus_icon-1.png\" class=\"attachment-medium size-medium wp-image-15447\" alt=\"\">\t\t\t\t\t\t\t\t<\/a>\n\t\t\t\t\t\t\t\t\t\t\t\t\t<\/div>\n\t\t\t\t<\/div>\n\t\t\t\t\t<\/div>\n\t\t<\/div>\n\t\t\t\t\t<\/div>\n\t\t<\/section>\n\t\t\t\t<\/div>\n\t\t","protected":false},"excerpt":{"rendered":"<p>Nos solutions TVA pour yachts &#038; navires Quelle que soit la situation du navire: navigation au commerce ou en plaisance, mise en location ou \u00e0 la vente, transport de passagers ou participation \u00e0 un boat show\u2026 Quel que soit le pays d\u2019o\u00f9 il provient, ou sa destination en M\u00e9diterran\u00e9e, nous sommes \u00e0 vos c\u00f4t\u00e9s \u2013 [&hellip;]<\/p>\n","protected":false},"author":2,"featured_media":9562,"parent":0,"menu_order":8,"comment_status":"closed","ping_status":"closed","template":"","meta":{"inline_featured_image":false,"footnotes":""},"class_list":["post-15538","page","type-page","status-publish","has-post-thumbnail","hentry"],"_links":{"self":[{"href":"https:\/\/www.easytax-international.com\/fr\/wp-json\/wp\/v2\/pages\/15538"}],"collection":[{"href":"https:\/\/www.easytax-international.com\/fr\/wp-json\/wp\/v2\/pages"}],"about":[{"href":"https:\/\/www.easytax-international.com\/fr\/wp-json\/wp\/v2\/types\/page"}],"author":[{"embeddable":true,"href":"https:\/\/www.easytax-international.com\/fr\/wp-json\/wp\/v2\/users\/2"}],"replies":[{"embeddable":true,"href":"https:\/\/www.easytax-international.com\/fr\/wp-json\/wp\/v2\/comments?post=15538"}],"version-history":[{"count":37,"href":"https:\/\/www.easytax-international.com\/fr\/wp-json\/wp\/v2\/pages\/15538\/revisions"}],"predecessor-version":[{"id":19356,"href":"https:\/\/www.easytax-international.com\/fr\/wp-json\/wp\/v2\/pages\/15538\/revisions\/19356"}],"wp:featuredmedia":[{"embeddable":true,"href":"https:\/\/www.easytax-international.com\/fr\/wp-json\/wp\/v2\/media\/9562"}],"wp:attachment":[{"href":"https:\/\/www.easytax-international.com\/fr\/wp-json\/wp\/v2\/media?parent=15538"}],"curies":[{"name":"wp","href":"https:\/\/api.w.org\/{rel}","templated":true}]}}