{"id":11981,"date":"2022-06-21T11:38:01","date_gmt":"2022-06-21T09:38:01","guid":{"rendered":"https:\/\/www.easytax-international.com\/?page_id=11981"},"modified":"2024-04-29T18:02:49","modified_gmt":"2024-04-29T16:02:49","slug":"donnees","status":"publish","type":"page","link":"https:\/\/www.easytax-international.com\/fr\/legal\/donnees\/","title":{"rendered":"Politique de protection des donn\u00e9es personnelles"},"content":{"rendered":"\t\t<div data-elementor-type=\"wp-page\" data-elementor-id=\"11981\" class=\"elementor elementor-11981\" data-elementor-post-type=\"page\">\n\t\t\t\t\t\t<section data-particle_enable=\"false\" data-particle-mobile-disabled=\"false\" data-dce-background-color=\"#F5F2F2\" class=\"elementor-section elementor-top-section elementor-element elementor-element-11f2dfe elementor-section-boxed elementor-section-height-default elementor-section-height-default\" data-id=\"11f2dfe\" data-element_type=\"section\" data-settings=\"{&quot;background_background&quot;:&quot;classic&quot;}\">\n\t\t\t\t\t\t<div class=\"elementor-container elementor-column-gap-default\">\n\t\t\t\t\t<div data-dce-background-color=\"#FFFFFF\" class=\"elementor-column elementor-col-100 elementor-top-column elementor-element elementor-element-2e112f3\" data-id=\"2e112f3\" data-element_type=\"column\" data-settings=\"{&quot;background_background&quot;:&quot;classic&quot;}\">\n\t\t\t<div class=\"elementor-widget-wrap elementor-element-populated\">\n\t\t\t\t\t\t<div class=\"elementor-element elementor-element-ee35509 texte elementor-widget elementor-widget-text-editor\" data-id=\"ee35509\" data-element_type=\"widget\" data-widget_type=\"text-editor.default\">\n\t\t\t\t<div class=\"elementor-widget-container\">\n\t\t\t<style>\/*! elementor - v3.23.0 - 23-07-2024 *\/\n.elementor-widget-text-editor.elementor-drop-cap-view-stacked .elementor-drop-cap{background-color:#69727d;color:#fff}.elementor-widget-text-editor.elementor-drop-cap-view-framed .elementor-drop-cap{color:#69727d;border:3px solid;background-color:transparent}.elementor-widget-text-editor:not(.elementor-drop-cap-view-default) .elementor-drop-cap{margin-top:8px}.elementor-widget-text-editor:not(.elementor-drop-cap-view-default) .elementor-drop-cap-letter{width:1em;height:1em}.elementor-widget-text-editor .elementor-drop-cap{float:left;text-align:center;line-height:1;font-size:50px}.elementor-widget-text-editor .elementor-drop-cap-letter{display:inline-block}<\/style>\t\t\t\t<blockquote><p>Pour vous offrir des services adapt\u00e9s, Easytax International peut \u00eatre amen\u00e9 \u00e0 vous demander des\u00a0donn\u00e9es personnelles.\u00a0Easytax International effectue ces\u00a0<strong>traitements de donn\u00e9es personnelles<\/strong>\u00a0conform\u00e9ment au r\u00e8glement g\u00e9n\u00e9ral sur la protection des donn\u00e9es personnelles en Europe\u00a0(<strong>RGPD<\/strong>),\u00a0et \u00e0 loi fran\u00e7aise relative \u00e0\u00a0<strong>l\u2019informatique, aux fichiers et aux libert\u00e9s<\/strong>.<\/p><\/blockquote>\t\t\t\t\t\t<\/div>\n\t\t\t\t<\/div>\n\t\t\t\t\t<\/div>\n\t\t<\/div>\n\t\t\t\t\t<\/div>\n\t\t<\/section>\n\t\t\t\t<section data-particle_enable=\"false\" data-particle-mobile-disabled=\"false\" data-dce-background-color=\"#F5F2F2\" class=\"elementor-section elementor-top-section elementor-element elementor-element-7a2e566 elementor-section-boxed elementor-section-height-default elementor-section-height-default\" data-id=\"7a2e566\" data-element_type=\"section\" data-settings=\"{&quot;background_background&quot;:&quot;classic&quot;}\">\n\t\t\t\t\t\t<div class=\"elementor-container elementor-column-gap-default\">\n\t\t\t\t\t<div data-dce-background-color=\"#FFFFFF\" class=\"elementor-column elementor-col-100 elementor-top-column elementor-element elementor-element-2a15212\" data-id=\"2a15212\" data-element_type=\"column\" data-settings=\"{&quot;background_background&quot;:&quot;classic&quot;}\">\n\t\t\t<div class=\"elementor-widget-wrap elementor-element-populated\">\n\t\t\t\t\t\t<div class=\"elementor-element elementor-element-f866f5b elementor-widget elementor-widget-heading\" data-id=\"f866f5b\" data-element_type=\"widget\" data-widget_type=\"heading.default\">\n\t\t\t\t<div class=\"elementor-widget-container\">\n\t\t\t<style>\/*! elementor - v3.23.0 - 23-07-2024 *\/\n.elementor-heading-title{padding:0;margin:0;line-height:1}.elementor-widget-heading .elementor-heading-title[class*=elementor-size-]>a{color:inherit;font-size:inherit;line-height:inherit}.elementor-widget-heading .elementor-heading-title.elementor-size-small{font-size:15px}.elementor-widget-heading .elementor-heading-title.elementor-size-medium{font-size:19px}.elementor-widget-heading .elementor-heading-title.elementor-size-large{font-size:29px}.elementor-widget-heading .elementor-heading-title.elementor-size-xl{font-size:39px}.elementor-widget-heading .elementor-heading-title.elementor-size-xxl{font-size:59px}<\/style><h2 class=\"elementor-heading-title elementor-size-default\">TRAITEMENT DES DONN\u00c9ES<\/h2>\t\t<\/div>\n\t\t\t\t<\/div>\n\t\t\t\t<div class=\"elementor-element elementor-element-ef49c21 texte elementor-widget elementor-widget-text-editor\" data-id=\"ef49c21\" data-element_type=\"widget\" data-widget_type=\"text-editor.default\">\n\t\t\t\t<div class=\"elementor-widget-container\">\n\t\t\t\t\t\t\t<p>Les donn\u00e9es d\u2019\u00e9tat civil, personnelles et professionnelles, d\u2019identit\u00e9 et d\u2019identification collect\u00e9es sur ce site sont\u00a0<b>confidentielles et trait\u00e9es comme telles<\/b>.<\/p><ul><li><p>Elles sont destin\u00e9es \u00e0 l\u2019usage de la\u00a0<b>soci\u00e9t\u00e9 EASYTAX INTERNATIONAL<\/b>. Nous pouvons \u00eatre amen\u00e9s \u00e0 les partager au sein des\u00a0<b>services et filiales du groupe<\/b>\u00a0<span style=\"color: #0563c1;\"><u><a href=\"https:\/\/www.mathezfreight.com\/fr\/profil\/mathez\/\" target=\"_blank\" rel=\"noopener\"><b>MATHEZ FREIGHT &amp; COMPLIANCE<\/b><\/a><\/u><\/span>\u00a0pour satisfaire votre demande.<\/p><\/li><li><p>Les\u00a0<b>traitements<\/b>\u00a0de donn\u00e9es sont les suivant:<\/p><ul><li><p><b>Demandes de devis et du simulateur TVA:<\/b>\u00a0les donn\u00e9es que vous nous transmettez sont trait\u00e9es \u00e0 des fins commerciales par le\u00a0<b>service commercial<\/b> de <b>Easytax<\/b><span lang=\"en-001\"><b> International <\/b><\/span>et, le cas \u00e9ch\u00e9ant, d\u2019autres services du groupe\u00a0<b>Mathez Freight &amp; Compliance<\/b> en fonction de votre demande.<br \/>Elles sont \u00e9galement partag\u00e9es avec la\u00a0<b>cellule web<\/b>\u00a0du groupe \u00e0 des fins statistiques.<\/p><\/li><li><p><b>Candidatures<\/b>: les donn\u00e9es que vous nous transmettez sont trait\u00e9es \u00e0 des fins de recrutement. Elles sont partag\u00e9es avec les services concern\u00e9s par votre demande, avec le\u00a0<b>service RH<\/b>\u00a0et la\u00a0<b>cellule web<\/b>\u00a0du groupe \u00e0 des fins statistiques.<\/p><\/li><li><p><b>Autres contacts<\/b>: les donn\u00e9es que vous nous transmettez sont trait\u00e9es par le service <b>accueil <\/b>de Easytax<span lang=\"en-001\">International<\/span>, partag\u00e9es avec les <b>services<\/b> concern\u00e9s pour satisfaire votre demande, et avec\u00a0 la\u00a0<b>cellule web<\/b>\u00a0du groupe \u00e0 des fins statistiques.<\/p><\/li><li><p><b>Newsletters: <\/b>si vous souscrivez au service de newsletter depuis notre formulaire de contact ou l\u2019inscription newsletter, vos donn\u00e9es seront enregistr\u00e9es par notre service de mailing pour l\u2019envoi de newsletters de Easytax (veille r\u00e9glementaire TVA europ\u00e9enne) et de Mathez Formation (veille TVA fran\u00e7aise et alertes formations TVA). <span lang=\"en-001\">\u00c0<\/span> tout moment<span lang=\"en-001\">,<\/span> vous pouvez modifier vos abonnements depuis les liens propos\u00e9s en bas de mail.\u00a0<\/p><\/li><li><p><b>Google Analytics<\/b>: Google traite les donn\u00e9es mentionn\u00e9es dans sa politique de confidentialit\u00e9, \u00e0 des fins d\u2019analyse et\u00a0<b>d\u2019\u00e9tude statistique de<\/b>\u00a0l\u2019utilisation de notre site. La collecte de donn\u00e9es que nous faisons sur le site easytax.co sont\u00a0<b>anonymes<\/b>,\u00a0 sans donn\u00e9es personnelles, sans adresses IP.<\/p><\/li><\/ul><\/li><li><p>Ces traitements sont\u00a0<b>justifi\u00e9s<\/b>\u00a0au regard de notre volont\u00e9 et int\u00e9r\u00eat l\u00e9gitime de r\u00e9pondre aux demandes des professionnels, d\u2019optimiser notre site Internet et notre service au b\u00e9n\u00e9fice des utilisateurs.<\/p><\/li><li><p>La\u00a0<b>dur\u00e9e de conservation<\/b>\u00a0des donn\u00e9es est de 2 ans maximum, 13 mois pour Google Analytics.<\/p><\/li><li><p>Le\u00a0<b>responsable du traitement<\/b>\u00a0est Nicolas D\u2019ASTA, Pr\u00e9sident.<\/p><\/li><\/ul>\t\t\t\t\t\t<\/div>\n\t\t\t\t<\/div>\n\t\t\t\t<div class=\"elementor-element elementor-element-b556d4f elementor-widget elementor-widget-heading\" data-id=\"b556d4f\" data-element_type=\"widget\" data-widget_type=\"heading.default\">\n\t\t\t\t<div class=\"elementor-widget-container\">\n\t\t\t<h2 class=\"elementor-heading-title elementor-size-default\">VOS DONN\u00c9ES, VOS DROITS<\/h2>\t\t<\/div>\n\t\t\t\t<\/div>\n\t\t\t\t<div class=\"elementor-element elementor-element-f092fc2 texte elementor-widget elementor-widget-text-editor\" data-id=\"f092fc2\" data-element_type=\"widget\" data-widget_type=\"text-editor.default\">\n\t\t\t\t<div class=\"elementor-widget-container\">\n\t\t\t\t\t\t\t<p>Vous disposez d\u2019un\u00a0<b>droit d\u2019acc\u00e8s, de rectification, de modification et de suppression<\/b> des donn\u00e9es personnelles que vous nous avez communiqu\u00e9es.\u00a0<\/p><p>Vous pouvez \u00e9galement, pour des motifs l\u00e9gitimes, vous\u00a0<b>opposer au traitement des donn\u00e9es<\/b>\u00a0vous concernant.<\/p><p>Pour ce faire, adressez-vous par mail \u00e0\u00a0<span style=\"color: #000000;\"><span style=\"font-family: Calibri, serif;\">rgpd [@] easytax-international.com<\/span><\/span> <i>ou\u00a0<\/i>envoyez un courrier postal \u00e0 :<\/p><p><i><b>EASYTAX INTERNATIONAL, <\/b><\/i><span lang=\"en-001\"><i><b>Le Mercator \u2013 9\u00e8me \u00e9tage, 7, rue de l\u2019Industrie, 98000 Monaco.<\/b><\/i><\/span><b>\u00a0<\/b><\/p>\t\t\t\t\t\t<\/div>\n\t\t\t\t<\/div>\n\t\t\t\t\t<\/div>\n\t\t<\/div>\n\t\t\t\t\t<\/div>\n\t\t<\/section>\n\t\t\t\t<\/div>\n\t\t","protected":false},"excerpt":{"rendered":"<p>Pour vous offrir des services adapt\u00e9s, Easytax International peut \u00eatre amen\u00e9 \u00e0 vous demander des\u00a0donn\u00e9es personnelles.\u00a0Easytax International effectue ces\u00a0traitements de donn\u00e9es personnelles\u00a0conform\u00e9ment au r\u00e8glement g\u00e9n\u00e9ral sur la protection des donn\u00e9es personnelles en Europe\u00a0(RGPD),\u00a0et \u00e0 loi fran\u00e7aise relative \u00e0\u00a0l\u2019informatique, aux fichiers et aux libert\u00e9s. TRAITEMENT DES DONN\u00c9ES Les donn\u00e9es d\u2019\u00e9tat civil, personnelles et professionnelles, d\u2019identit\u00e9 et [&hellip;]<\/p>\n","protected":false},"author":3,"featured_media":370,"parent":16394,"menu_order":32,"comment_status":"closed","ping_status":"closed","template":"","meta":{"inline_featured_image":false,"footnotes":""},"class_list":["post-11981","page","type-page","status-publish","has-post-thumbnail","hentry"],"_links":{"self":[{"href":"https:\/\/www.easytax-international.com\/fr\/wp-json\/wp\/v2\/pages\/11981"}],"collection":[{"href":"https:\/\/www.easytax-international.com\/fr\/wp-json\/wp\/v2\/pages"}],"about":[{"href":"https:\/\/www.easytax-international.com\/fr\/wp-json\/wp\/v2\/types\/page"}],"author":[{"embeddable":true,"href":"https:\/\/www.easytax-international.com\/fr\/wp-json\/wp\/v2\/users\/3"}],"replies":[{"embeddable":true,"href":"https:\/\/www.easytax-international.com\/fr\/wp-json\/wp\/v2\/comments?post=11981"}],"version-history":[{"count":35,"href":"https:\/\/www.easytax-international.com\/fr\/wp-json\/wp\/v2\/pages\/11981\/revisions"}],"predecessor-version":[{"id":18563,"href":"https:\/\/www.easytax-international.com\/fr\/wp-json\/wp\/v2\/pages\/11981\/revisions\/18563"}],"up":[{"embeddable":true,"href":"https:\/\/www.easytax-international.com\/fr\/wp-json\/wp\/v2\/pages\/16394"}],"wp:featuredmedia":[{"embeddable":true,"href":"https:\/\/www.easytax-international.com\/fr\/wp-json\/wp\/v2\/media\/370"}],"wp:attachment":[{"href":"https:\/\/www.easytax-international.com\/fr\/wp-json\/wp\/v2\/media?parent=11981"}],"curies":[{"name":"wp","href":"https:\/\/api.w.org\/{rel}","templated":true}]}}